{"id":165,"date":"2023-10-13T08:34:55","date_gmt":"2023-10-13T06:34:55","guid":{"rendered":"https:\/\/www.juntoscambiamoselmundo.com\/investigacion\/?page_id=165"},"modified":"2023-11-07T12:49:30","modified_gmt":"2023-11-07T11:49:30","slug":"envejecimiento-y-sociedad-digital","status":"publish","type":"page","link":"https:\/\/www.agenciabis.es\/investigacion\/1-antecedentes\/envejecimiento-y-sociedad-digital\/","title":{"rendered":"Envejecimiento y sociedad digital"},"content":{"rendered":"\t\t<div data-elementor-type=\"wp-page\" data-elementor-id=\"165\" class=\"elementor elementor-165\" data-elementor-post-type=\"page\">\n\t\t\t\t\t\t\t<div class=\"elementor-element elementor-element-6a60cf3 e-flex e-con-boxed e-con e-parent\" data-id=\"6a60cf3\" data-element_type=\"container\" data-settings=\"{&quot;content_width&quot;:&quot;boxed&quot;,&quot;ekit_has_onepagescroll_dot&quot;:&quot;yes&quot;}\" data-core-v316-plus=\"true\">\n\t\t\t\t\t<div class=\"e-con-inner\">\n\t\t\t\t<div class=\"elementor-element elementor-element-af182a5 elementor-widget elementor-widget-heading\" data-id=\"af182a5\" data-element_type=\"widget\" data-settings=\"{&quot;ekit_we_effect_on&quot;:&quot;none&quot;}\" data-widget_type=\"heading.default\">\n\t\t\t\t<div class=\"elementor-widget-container\">\n\t\t\t<style>\/*! elementor - v3.16.0 - 17-10-2023 *\/\n.elementor-heading-title{padding:0;margin:0;line-height:1}.elementor-widget-heading .elementor-heading-title[class*=elementor-size-]>a{color:inherit;font-size:inherit;line-height:inherit}.elementor-widget-heading .elementor-heading-title.elementor-size-small{font-size:15px}.elementor-widget-heading .elementor-heading-title.elementor-size-medium{font-size:19px}.elementor-widget-heading .elementor-heading-title.elementor-size-large{font-size:29px}.elementor-widget-heading .elementor-heading-title.elementor-size-xl{font-size:39px}.elementor-widget-heading .elementor-heading-title.elementor-size-xxl{font-size:59px}<\/style><h2 class=\"elementor-heading-title elementor-size-default\">ANTECEDENTES<\/h2>\t\t<\/div>\n\t\t\t\t<\/div>\n\t\t\t\t<div class=\"elementor-element elementor-element-1eb6302 elementor-widget elementor-widget-heading\" data-id=\"1eb6302\" data-element_type=\"widget\" data-settings=\"{&quot;ekit_we_effect_on&quot;:&quot;none&quot;}\" data-widget_type=\"heading.default\">\n\t\t\t\t<div class=\"elementor-widget-container\">\n\t\t\t<h2 class=\"elementor-heading-title elementor-size-default\">Envejecimiento y sociedad digital<\/h2>\t\t<\/div>\n\t\t\t\t<\/div>\n\t\t\t\t<div class=\"elementor-element elementor-element-f05a824 elementor-widget elementor-widget-text-editor\" data-id=\"f05a824\" data-element_type=\"widget\" data-settings=\"{&quot;ekit_we_effect_on&quot;:&quot;none&quot;}\" data-widget_type=\"text-editor.default\">\n\t\t\t\t<div class=\"elementor-widget-container\">\n\t\t\t<style>\/*! elementor - v3.16.0 - 17-10-2023 *\/\n.elementor-widget-text-editor.elementor-drop-cap-view-stacked .elementor-drop-cap{background-color:#69727d;color:#fff}.elementor-widget-text-editor.elementor-drop-cap-view-framed .elementor-drop-cap{color:#69727d;border:3px solid;background-color:transparent}.elementor-widget-text-editor:not(.elementor-drop-cap-view-default) .elementor-drop-cap{margin-top:8px}.elementor-widget-text-editor:not(.elementor-drop-cap-view-default) .elementor-drop-cap-letter{width:1em;height:1em}.elementor-widget-text-editor .elementor-drop-cap{float:left;text-align:center;line-height:1;font-size:50px}.elementor-widget-text-editor .elementor-drop-cap-letter{display:inline-block}<\/style>\t\t\t\t<p>El desarrollo sostenible al que se orientan los objetivos (ODS) que se persiguen en la Agenda 2030 firmada en 2015 por 193 pa\u00edses, entre ellos Espa\u00f1a, pone en el centro de mira los derechos humanos de todas las personas, sin dejar a nadie atr\u00e1s.<\/p><p>Entre otras metas, los ODS persiguen erradicar la pobreza extrema y el hambre, combatir la desigualdad, asegurar la igualdad de g\u00e9nero y los derechos humanos de las mujeres, y garantizar el acceso universal a servicios de salud y educaci\u00f3n de calidad.<\/p><p>Si bien, esto no es posible si no se garantiza la inclusi\u00f3n y participaci\u00f3n de todas las personas, incluidas las personas mayores en todas las esferas de la vida. Si como se indica en la propia agenda 2030, el objetivo es no dejar atr\u00e1s a nadie, no podemos dejen atr\u00e1s a un grupo de personas cada vez m\u00e1s numeroso en la sociedad actual.<\/p><p>Seg\u00fan los datos de Eurostat de 2005 a 2019, en los pa\u00edses de la Uni\u00f3n Europea, el crecimiento de la poblaci\u00f3n mayor de 54 a\u00f1os es casi cuatro veces mayor que el de la poblaci\u00f3n general.<\/p><p>En el caso de Espa\u00f1a las personas de m\u00e1s de 65 a\u00f1os suponen el 19% de la poblaci\u00f3n total y, seg\u00fan los indicadores de la OCDE (2018), se espera que en 2050 roce el 40 %. Junto a Jap\u00f3n y Francia lidera la clasificaci\u00f3n de pa\u00edses con mayor esperanza de vida. Principalmente en el caso de las mujeres.<\/p><p>La situaci\u00f3n de confinamiento y aislamiento social promovido por la emergencia sanitaria por la covid-19 ha puesto de manifiesto la gravedad de la situaci\u00f3n de muchas personas mayores que no han puedo acceder ni a la educaci\u00f3n, a la atenci\u00f3n sanitaria y social (ni a la informaci\u00f3n ni comunicarse con el entorno). De acuerdo con la Encuesta Continua de Hogares (2020) del Instituto Nacional de Estad\u00edstica. 2.131.400 personas mayores de 65 a\u00f1os viven solas. Observ\u00e1ndose una mayor prevalencia de mujeres que viven en situaci\u00f3n de soledad y vulnerabilidad social (el 44% de las mujeres de m\u00e1s de 85 a\u00f1os y el 24,2% de los hombres).<\/p><p>Esta poblaci\u00f3n que envejece presenta oportunidades y desaf\u00edos para la econom\u00eda y los sistemas sociales y de salud. Debido a cambios en la situaci\u00f3n laboral como la jubilaci\u00f3n, econ\u00f3mica, la p\u00e9rdida de movilidad y problemas de salud, la p\u00e9rdida de parejas y amigos por fallecimiento, el aislamiento social es un problema para muchos adultos mayores. La abundante evidencia que muestra los impactos adversos sobre la salud y la calidad de vida del aislamiento social y la soledad sugiere la necesidad de desarrollar intervenciones para prevenirlo o remediarlo.<\/p><p>Por ello, la Asamblea General de las Naciones Unidas declar\u00f3 el periodo de 2020-2030 como la \u201cD\u00e9cada del Envejecimiento Saludable\u201d. La \u201cD\u00e9cada es un proyecto de colaboraci\u00f3n a escala mundial que pretende aunar los esfuerzos de los gobiernos, la sociedad civil, los organismos internacionales, los profesionales, el mundo acad\u00e9mico, los medios de comunicaci\u00f3n y el sector privado para llevar a cabo una acci\u00f3n concertada, catalizadora y colaborativa a lo largo de 10 a\u00f1os orientada a promover vidas m\u00e1s largas y saludables\u201d (OMS, 4 oct 2021).<\/p><p>El envejecimiento saludable consiste en conseguir mantener la capacidad funcional de las personas de forma que puedan disfrutar del bienestar en la vejez, consistiendo esta capacidad funcional \u201cen tener los atributos que permiten a todas las personas ser y hacer lo que para ellas es importante\u201d. (OMS, 2021)<\/p><p>Este proyecto de promoci\u00f3n del envejecimiento saludable se alinea con los ODS y refleja la visi\u00f3n de la Agenda 2030 de no dejar a nadie atr\u00e1s. Incidiendo entre otras cuestiones en la necesidad de mejorar y potenciar la inclusi\u00f3n y el acceso de los mayores a las tecnolog\u00edas de la informaci\u00f3n y la comunicaci\u00f3n a trav\u00e9s de diferentes acciones, entre las cuales, debemos resaltar el desarrollo de sus competencias digitales.<\/p><p>De hecho, el proyecto de la D\u00e9cada centra gran parte de sus objetivos en la relaci\u00f3n entre el ODS 4 (educaci\u00f3n de calidad) y el envejecimiento saludable:<\/p><p>El envejecimiento saludable requiere de un aprendizaje a lo largo de toda la vida, que permita a las personas mayores hacer lo que valoran, conservar la capacidad de tomar decisiones y conservar su identidad e independencia, as\u00ed como sus metas vitales. Todo ello exige alfabetizaci\u00f3n, capacitaci\u00f3n y espacios de participaci\u00f3n sin obst\u00e1culos, en particular en el \u00e1mbito digital. (D\u00e9cada del Envejecimiento Saludable, p. 7)<\/p><p>En este sentido, varios estudios han demostrado que las tecnolog\u00edas de la informaci\u00f3n y la comunicaci\u00f3n (TIC) tienen el potencial de mantener o mejorar la conectividad social de los adultos mayores, as\u00ed como de compensar las p\u00e9rdidas y d\u00e9ficits derivados del envejecimiento. Sin embargo, la evidencia sugiere que la poblaci\u00f3n mayor de 64 a\u00f1os, con respecto a la poblaci\u00f3n general, es un grupo vulnerable a la exclusi\u00f3n digital, y con mayor probabilidad de quedar aislada en sociedades donde la tecnolog\u00eda est\u00e1 cada vez m\u00e1s presente en los servicios p\u00fablicos y en vida privada.<\/p>\t\t\t\t\t\t<\/div>\n\t\t\t\t<\/div>\n\t\t\t\t\t<\/div>\n\t\t\t\t<\/div>\n\t\t\t\t\t\t\t<\/div>\n\t\t","protected":false},"excerpt":{"rendered":"<p>ANTECEDENTES Envejecimiento y sociedad digital El desarrollo sostenible al que se orientan los objetivos (ODS) que se persiguen en la Agenda 2030 firmada en 2015 por 193 pa\u00edses, entre ellos Espa\u00f1a, pone en el centro de mira los derechos humanos de todas las personas, sin dejar a nadie atr\u00e1s. Entre otras metas, los ODS persiguen [&hellip;]<\/p>\n","protected":false},"author":1,"featured_media":0,"parent":22,"menu_order":0,"comment_status":"closed","ping_status":"closed","template":"","meta":{"footnotes":""},"class_list":["post-165","page","type-page","status-publish","hentry"],"_links":{"self":[{"href":"https:\/\/www.agenciabis.es\/investigacion\/wp-json\/wp\/v2\/pages\/165","targetHints":{"allow":["GET"]}}],"collection":[{"href":"https:\/\/www.agenciabis.es\/investigacion\/wp-json\/wp\/v2\/pages"}],"about":[{"href":"https:\/\/www.agenciabis.es\/investigacion\/wp-json\/wp\/v2\/types\/page"}],"author":[{"embeddable":true,"href":"https:\/\/www.agenciabis.es\/investigacion\/wp-json\/wp\/v2\/users\/1"}],"replies":[{"embeddable":true,"href":"https:\/\/www.agenciabis.es\/investigacion\/wp-json\/wp\/v2\/comments?post=165"}],"version-history":[{"count":61,"href":"https:\/\/www.agenciabis.es\/investigacion\/wp-json\/wp\/v2\/pages\/165\/revisions"}],"predecessor-version":[{"id":521,"href":"https:\/\/www.agenciabis.es\/investigacion\/wp-json\/wp\/v2\/pages\/165\/revisions\/521"}],"up":[{"embeddable":true,"href":"https:\/\/www.agenciabis.es\/investigacion\/wp-json\/wp\/v2\/pages\/22"}],"wp:attachment":[{"href":"https:\/\/www.agenciabis.es\/investigacion\/wp-json\/wp\/v2\/media?parent=165"}],"curies":[{"name":"wp","href":"https:\/\/api.w.org\/{rel}","templated":true}]}}