{"id":17,"date":"2023-10-12T18:54:51","date_gmt":"2023-10-12T16:54:51","guid":{"rendered":"https:\/\/www.juntoscambiamoselmundo.com\/investigacion\/?page_id=17"},"modified":"2023-11-06T05:17:54","modified_gmt":"2023-11-06T04:17:54","slug":"descripcion-general","status":"publish","type":"page","link":"https:\/\/www.agenciabis.es\/investigacion\/","title":{"rendered":"DESCRIPCI\u00d3N GENERAL"},"content":{"rendered":"\t\t<div data-elementor-type=\"wp-page\" data-elementor-id=\"17\" class=\"elementor elementor-17\" data-elementor-post-type=\"page\">\n\t\t\t\t\t\t\t<div class=\"elementor-element elementor-element-6a4f04a9 e-flex e-con-boxed e-con e-parent\" data-id=\"6a4f04a9\" data-element_type=\"container\" data-settings=\"{&quot;content_width&quot;:&quot;boxed&quot;,&quot;ekit_has_onepagescroll_dot&quot;:&quot;yes&quot;}\" data-core-v316-plus=\"true\">\n\t\t\t\t\t<div class=\"e-con-inner\">\n\t\t\t\t<div class=\"elementor-element elementor-element-6182f20 elementor-widget elementor-widget-heading\" data-id=\"6182f20\" data-element_type=\"widget\" data-settings=\"{&quot;ekit_we_effect_on&quot;:&quot;none&quot;}\" data-widget_type=\"heading.default\">\n\t\t\t\t<div class=\"elementor-widget-container\">\n\t\t\t<style>\/*! elementor - v3.16.0 - 17-10-2023 *\/\n.elementor-heading-title{padding:0;margin:0;line-height:1}.elementor-widget-heading .elementor-heading-title[class*=elementor-size-]>a{color:inherit;font-size:inherit;line-height:inherit}.elementor-widget-heading .elementor-heading-title.elementor-size-small{font-size:15px}.elementor-widget-heading .elementor-heading-title.elementor-size-medium{font-size:19px}.elementor-widget-heading .elementor-heading-title.elementor-size-large{font-size:29px}.elementor-widget-heading .elementor-heading-title.elementor-size-xl{font-size:39px}.elementor-widget-heading .elementor-heading-title.elementor-size-xxl{font-size:59px}<\/style><h2 class=\"elementor-heading-title elementor-size-default\">DESCRIPCI\u00d3N GENERAL<\/h2>\t\t<\/div>\n\t\t\t\t<\/div>\n\t\t\t\t<div class=\"elementor-element elementor-element-2c4c4383 elementor-widget elementor-widget-text-editor\" data-id=\"2c4c4383\" data-element_type=\"widget\" data-settings=\"{&quot;ekit_we_effect_on&quot;:&quot;none&quot;}\" data-widget_type=\"text-editor.default\">\n\t\t\t\t<div class=\"elementor-widget-container\">\n\t\t\t<style>\/*! elementor - v3.16.0 - 17-10-2023 *\/\n.elementor-widget-text-editor.elementor-drop-cap-view-stacked .elementor-drop-cap{background-color:#69727d;color:#fff}.elementor-widget-text-editor.elementor-drop-cap-view-framed .elementor-drop-cap{color:#69727d;border:3px solid;background-color:transparent}.elementor-widget-text-editor:not(.elementor-drop-cap-view-default) .elementor-drop-cap{margin-top:8px}.elementor-widget-text-editor:not(.elementor-drop-cap-view-default) .elementor-drop-cap-letter{width:1em;height:1em}.elementor-widget-text-editor .elementor-drop-cap{float:left;text-align:center;line-height:1;font-size:50px}.elementor-widget-text-editor .elementor-drop-cap-letter{display:inline-block}<\/style>\t\t\t\t<p>Dado que la eficacia de los servicios p\u00fablicos de apoyo para la inclusi\u00f3n digital de mayores est\u00e1 condicionada por su contexto social, perfil de los usuarios y din\u00e1micas instruccionales, el objetivo de este proyecto de investigaci\u00f3n es identificar patrones de ense\u00f1anza-aprendizaje \u00f3ptimos de alfabetizaci\u00f3n digital asociados a los diferentes recursos asistenciales (centros sociales, residencias de mayores, comunidades virtuales y programas universitarios para mayores) y a diferentes formatos organizativos (acompa\u00f1amientos, talleres, asistencia personal, entre otros).<\/p><p>Un objetivo clave del estudio de ambientes \u00f3ptimos de alfabetizaci\u00f3n digital de adultos mayores ha sido implementar altos est\u00e1ndares de calidad en su metodolog\u00eda y la mejora continua de la validez interna y externa de los datos.<\/p><p>Para comprender el modelo y la metodolog\u00eda de esta investigaci\u00f3n, se puede encontrar informaci\u00f3n adicional en las subsecciones del men\u00fa del lado izquierdo, tambi\u00e9n, en sus dimensiones principales, accesible desde el diagrama de flujo a continuaci\u00f3n.<\/p><p>\u00a0<\/p><p><img loading=\"lazy\" decoding=\"async\" class=\"size-large wp-image-190 aligncenter\" src=\"https:\/\/www.agenciabis.es\/investigacion\/wp-content\/uploads\/2023\/10\/instrumentos-investigacion-1-1024x801.jpg\" alt=\"\" width=\"800\" height=\"626\" srcset=\"https:\/\/www.agenciabis.es\/investigacion\/wp-content\/uploads\/2023\/10\/instrumentos-investigacion-1-1024x801.jpg 1024w, https:\/\/www.agenciabis.es\/investigacion\/wp-content\/uploads\/2023\/10\/instrumentos-investigacion-1-300x235.jpg 300w, https:\/\/www.agenciabis.es\/investigacion\/wp-content\/uploads\/2023\/10\/instrumentos-investigacion-1-768x601.jpg 768w, https:\/\/www.agenciabis.es\/investigacion\/wp-content\/uploads\/2023\/10\/instrumentos-investigacion-1.jpg 1224w\" sizes=\"auto, (max-width: 800px) 100vw, 800px\" \/><\/p>\t\t\t\t\t\t<\/div>\n\t\t\t\t<\/div>\n\t\t\t\t\t<\/div>\n\t\t\t\t<\/div>\n\t\t\t\t\t\t\t<\/div>\n\t\t","protected":false},"excerpt":{"rendered":"<p>DESCRIPCI\u00d3N GENERAL Dado que la eficacia de los servicios p\u00fablicos de apoyo para la inclusi\u00f3n digital de mayores est\u00e1 condicionada por su contexto social, perfil de los usuarios y din\u00e1micas instruccionales, el objetivo de este proyecto de investigaci\u00f3n es identificar patrones de ense\u00f1anza-aprendizaje \u00f3ptimos de alfabetizaci\u00f3n digital asociados a los diferentes recursos asistenciales (centros sociales, [&hellip;]<\/p>\n","protected":false},"author":1,"featured_media":0,"parent":0,"menu_order":0,"comment_status":"closed","ping_status":"closed","template":"","meta":{"footnotes":""},"class_list":["post-17","page","type-page","status-publish","hentry"],"_links":{"self":[{"href":"https:\/\/www.agenciabis.es\/investigacion\/wp-json\/wp\/v2\/pages\/17","targetHints":{"allow":["GET"]}}],"collection":[{"href":"https:\/\/www.agenciabis.es\/investigacion\/wp-json\/wp\/v2\/pages"}],"about":[{"href":"https:\/\/www.agenciabis.es\/investigacion\/wp-json\/wp\/v2\/types\/page"}],"author":[{"embeddable":true,"href":"https:\/\/www.agenciabis.es\/investigacion\/wp-json\/wp\/v2\/users\/1"}],"replies":[{"embeddable":true,"href":"https:\/\/www.agenciabis.es\/investigacion\/wp-json\/wp\/v2\/comments?post=17"}],"version-history":[{"count":56,"href":"https:\/\/www.agenciabis.es\/investigacion\/wp-json\/wp\/v2\/pages\/17\/revisions"}],"predecessor-version":[{"id":453,"href":"https:\/\/www.agenciabis.es\/investigacion\/wp-json\/wp\/v2\/pages\/17\/revisions\/453"}],"wp:attachment":[{"href":"https:\/\/www.agenciabis.es\/investigacion\/wp-json\/wp\/v2\/media?parent=17"}],"curies":[{"name":"wp","href":"https:\/\/api.w.org\/{rel}","templated":true}]}}