{"id":274,"date":"2023-10-17T17:15:13","date_gmt":"2023-10-17T15:15:13","guid":{"rendered":"https:\/\/www.agenciabis.es\/investigacion\/?page_id=274"},"modified":"2023-11-07T12:45:49","modified_gmt":"2023-11-07T11:45:49","slug":"3-metodologia","status":"publish","type":"page","link":"https:\/\/www.agenciabis.es\/investigacion\/3-metodologia\/","title":{"rendered":"METODOLOG\u00cdA"},"content":{"rendered":"\t\t<div data-elementor-type=\"wp-page\" data-elementor-id=\"274\" class=\"elementor elementor-274\" data-elementor-post-type=\"page\">\n\t\t\t\t\t\t\t<div class=\"elementor-element elementor-element-6a60cf3 e-flex e-con-boxed e-con e-parent\" data-id=\"6a60cf3\" data-element_type=\"container\" data-settings=\"{&quot;content_width&quot;:&quot;boxed&quot;,&quot;ekit_has_onepagescroll_dot&quot;:&quot;yes&quot;}\" data-core-v316-plus=\"true\">\n\t\t\t\t\t<div class=\"e-con-inner\">\n\t\t\t\t<div class=\"elementor-element elementor-element-af182a5 elementor-widget elementor-widget-heading\" data-id=\"af182a5\" data-element_type=\"widget\" data-settings=\"{&quot;ekit_we_effect_on&quot;:&quot;none&quot;}\" data-widget_type=\"heading.default\">\n\t\t\t\t<div class=\"elementor-widget-container\">\n\t\t\t<style>\/*! elementor - v3.16.0 - 17-10-2023 *\/\n.elementor-heading-title{padding:0;margin:0;line-height:1}.elementor-widget-heading .elementor-heading-title[class*=elementor-size-]>a{color:inherit;font-size:inherit;line-height:inherit}.elementor-widget-heading .elementor-heading-title.elementor-size-small{font-size:15px}.elementor-widget-heading .elementor-heading-title.elementor-size-medium{font-size:19px}.elementor-widget-heading .elementor-heading-title.elementor-size-large{font-size:29px}.elementor-widget-heading .elementor-heading-title.elementor-size-xl{font-size:39px}.elementor-widget-heading .elementor-heading-title.elementor-size-xxl{font-size:59px}<\/style><h2 class=\"elementor-heading-title elementor-size-default\">METODOLOG\u00cdA<\/h2>\t\t<\/div>\n\t\t\t\t<\/div>\n\t\t\t\t<div class=\"elementor-element elementor-element-f05a824 elementor-widget elementor-widget-text-editor\" data-id=\"f05a824\" data-element_type=\"widget\" data-settings=\"{&quot;ekit_we_effect_on&quot;:&quot;none&quot;}\" data-widget_type=\"text-editor.default\">\n\t\t\t\t<div class=\"elementor-widget-container\">\n\t\t\t<style>\/*! elementor - v3.16.0 - 17-10-2023 *\/\n.elementor-widget-text-editor.elementor-drop-cap-view-stacked .elementor-drop-cap{background-color:#69727d;color:#fff}.elementor-widget-text-editor.elementor-drop-cap-view-framed .elementor-drop-cap{color:#69727d;border:3px solid;background-color:transparent}.elementor-widget-text-editor:not(.elementor-drop-cap-view-default) .elementor-drop-cap{margin-top:8px}.elementor-widget-text-editor:not(.elementor-drop-cap-view-default) .elementor-drop-cap-letter{width:1em;height:1em}.elementor-widget-text-editor .elementor-drop-cap{float:left;text-align:center;line-height:1;font-size:50px}.elementor-widget-text-editor .elementor-drop-cap-letter{display:inline-block}<\/style>\t\t\t\t<p class=\"p1\">El cuestionario fuente del Estudio de Ambientes \u00d3ptimos de Alfabetizaci\u00f3n Digital (EAOAD) consta de una colecci\u00f3n de preguntas que se pueden de car\u00e1cter b\u00e1sico y optativo, dependiendo del estilo organizativo de la acci\u00f3n formativa.<\/p><p class=\"p2\">El EAOAD se dise\u00f1\u00f3 utilizando como referencia y punto de partida el modelo autosistema de desarrollo motivacional que act\u00faa como marco te\u00f3rico desde el que se establecen las bases, cuyos elementos principales son desarrollados por la teor\u00eda de flujo y la teor\u00eda de la autodeterminaci\u00f3n. La finalidad del EAOAD es validar a trav\u00e9s de modelos matem\u00e1ticos las relaciones entre los elementos del modelo, y con ello avanzar en la comprensi\u00f3n de los mecanismos que facilitan procesos \u00f3ptimos de alfabetizaci\u00f3n digital con adultos mayores.<\/p><p class=\"p2\">El EAOAD se ha concebido como un procedimiento para monitorear las estructuras de ense\u00f1anza-aprendizaje que estimulan la implicaci\u00f3n del alumnado adulto mayor en las acciones de alfabetizaci\u00f3n digital. Para ello se han dise\u00f1ado dos estudios: (a) un estudio correlacional expost-facto sobre las acciones finalizadas trascurrido al menos un mes y que puede proporcionar informaci\u00f3n sobre el efecto de las acciones en el tiempo (EAOAD-post), y (b) un estudio basado en el muestreo de la experiencia (MME) en el que se obstendr\u00e1n datos de las sesiones en tiempo real (EAOAD-facto).<\/p>\t\t\t\t\t\t<\/div>\n\t\t\t\t<\/div>\n\t\t\t\t\t<\/div>\n\t\t\t\t<\/div>\n\t\t\t\t\t\t\t<\/div>\n\t\t","protected":false},"excerpt":{"rendered":"<p>METODOLOG\u00cdA El cuestionario fuente del Estudio de Ambientes \u00d3ptimos de Alfabetizaci\u00f3n Digital (EAOAD) consta de una colecci\u00f3n de preguntas que se pueden de car\u00e1cter b\u00e1sico y optativo, dependiendo del estilo organizativo de la acci\u00f3n formativa. El EAOAD se dise\u00f1\u00f3 utilizando como referencia y punto de partida el modelo autosistema de desarrollo motivacional que act\u00faa como [&hellip;]<\/p>\n","protected":false},"author":1,"featured_media":0,"parent":0,"menu_order":0,"comment_status":"closed","ping_status":"closed","template":"","meta":{"footnotes":""},"class_list":["post-274","page","type-page","status-publish","hentry"],"_links":{"self":[{"href":"https:\/\/www.agenciabis.es\/investigacion\/wp-json\/wp\/v2\/pages\/274","targetHints":{"allow":["GET"]}}],"collection":[{"href":"https:\/\/www.agenciabis.es\/investigacion\/wp-json\/wp\/v2\/pages"}],"about":[{"href":"https:\/\/www.agenciabis.es\/investigacion\/wp-json\/wp\/v2\/types\/page"}],"author":[{"embeddable":true,"href":"https:\/\/www.agenciabis.es\/investigacion\/wp-json\/wp\/v2\/users\/1"}],"replies":[{"embeddable":true,"href":"https:\/\/www.agenciabis.es\/investigacion\/wp-json\/wp\/v2\/comments?post=274"}],"version-history":[{"count":8,"href":"https:\/\/www.agenciabis.es\/investigacion\/wp-json\/wp\/v2\/pages\/274\/revisions"}],"predecessor-version":[{"id":520,"href":"https:\/\/www.agenciabis.es\/investigacion\/wp-json\/wp\/v2\/pages\/274\/revisions\/520"}],"wp:attachment":[{"href":"https:\/\/www.agenciabis.es\/investigacion\/wp-json\/wp\/v2\/media?parent=274"}],"curies":[{"name":"wp","href":"https:\/\/api.w.org\/{rel}","templated":true}]}}