{"id":281,"date":"2023-10-17T17:17:00","date_gmt":"2023-10-17T15:17:00","guid":{"rendered":"https:\/\/www.agenciabis.es\/investigacion\/?page_id=281"},"modified":"2023-11-07T12:50:55","modified_gmt":"2023-11-07T11:50:55","slug":"estudio-ex-post-facto","status":"publish","type":"page","link":"https:\/\/www.agenciabis.es\/investigacion\/3-metodologia\/estudio-ex-post-facto\/","title":{"rendered":"Estudio ex post facto"},"content":{"rendered":"\t\t<div data-elementor-type=\"wp-page\" data-elementor-id=\"281\" class=\"elementor elementor-281\" data-elementor-post-type=\"page\">\n\t\t\t\t\t\t\t<div class=\"elementor-element elementor-element-6a60cf3 e-flex e-con-boxed e-con e-parent\" data-id=\"6a60cf3\" data-element_type=\"container\" data-settings=\"{&quot;content_width&quot;:&quot;boxed&quot;,&quot;ekit_has_onepagescroll_dot&quot;:&quot;yes&quot;}\" data-core-v316-plus=\"true\">\n\t\t\t\t\t<div class=\"e-con-inner\">\n\t\t\t\t<div class=\"elementor-element elementor-element-af182a5 elementor-widget elementor-widget-heading\" data-id=\"af182a5\" data-element_type=\"widget\" data-settings=\"{&quot;ekit_we_effect_on&quot;:&quot;none&quot;}\" data-widget_type=\"heading.default\">\n\t\t\t\t<div class=\"elementor-widget-container\">\n\t\t\t<style>\/*! elementor - v3.16.0 - 17-10-2023 *\/\n.elementor-heading-title{padding:0;margin:0;line-height:1}.elementor-widget-heading .elementor-heading-title[class*=elementor-size-]>a{color:inherit;font-size:inherit;line-height:inherit}.elementor-widget-heading .elementor-heading-title.elementor-size-small{font-size:15px}.elementor-widget-heading .elementor-heading-title.elementor-size-medium{font-size:19px}.elementor-widget-heading .elementor-heading-title.elementor-size-large{font-size:29px}.elementor-widget-heading .elementor-heading-title.elementor-size-xl{font-size:39px}.elementor-widget-heading .elementor-heading-title.elementor-size-xxl{font-size:59px}<\/style><h2 class=\"elementor-heading-title elementor-size-default\">METODOLOG\u00cdA<\/h2>\t\t<\/div>\n\t\t\t\t<\/div>\n\t\t\t\t<div class=\"elementor-element elementor-element-1eb6302 elementor-widget elementor-widget-heading\" data-id=\"1eb6302\" data-element_type=\"widget\" data-settings=\"{&quot;ekit_we_effect_on&quot;:&quot;none&quot;}\" data-widget_type=\"heading.default\">\n\t\t\t\t<div class=\"elementor-widget-container\">\n\t\t\t<h2 class=\"elementor-heading-title elementor-size-default\">Estudio ex post facto<\/h2>\t\t<\/div>\n\t\t\t\t<\/div>\n\t\t\t\t<div class=\"elementor-element elementor-element-f05a824 elementor-widget elementor-widget-text-editor\" data-id=\"f05a824\" data-element_type=\"widget\" data-settings=\"{&quot;ekit_we_effect_on&quot;:&quot;none&quot;}\" data-widget_type=\"text-editor.default\">\n\t\t\t\t<div class=\"elementor-widget-container\">\n\t\t\t<style>\/*! elementor - v3.16.0 - 17-10-2023 *\/\n.elementor-widget-text-editor.elementor-drop-cap-view-stacked .elementor-drop-cap{background-color:#69727d;color:#fff}.elementor-widget-text-editor.elementor-drop-cap-view-framed .elementor-drop-cap{color:#69727d;border:3px solid;background-color:transparent}.elementor-widget-text-editor:not(.elementor-drop-cap-view-default) .elementor-drop-cap{margin-top:8px}.elementor-widget-text-editor:not(.elementor-drop-cap-view-default) .elementor-drop-cap-letter{width:1em;height:1em}.elementor-widget-text-editor .elementor-drop-cap{float:left;text-align:center;line-height:1;font-size:50px}.elementor-widget-text-editor .elementor-drop-cap-letter{display:inline-block}<\/style>\t\t\t\t<p class=\"p1\">El EAOAF-post tiene un dise\u00f1o de investigaci\u00f3n correlacional y ex post facto. Un dise\u00f1o de investigaci\u00f3n correlacional es un enfoque utilizado en la investigaci\u00f3n cient\u00edfica para examinar las relaciones entre dos o m\u00e1s variables sin manipularlas. En lugar de establecer una causa y efecto, como en los dise\u00f1os experimentales, los dise\u00f1os correlacionales buscan determinar si existe una relaci\u00f3n estad\u00edstica entre las variables y, de ser as\u00ed, la direcci\u00f3n y la fuerza de esa relaci\u00f3n. Este dise\u00f1o ser\u00e1 \u00fatil para identificar patrones y relaciones entre las variables del modelo dado que los procesos de la alfabetizaci\u00f3n digital investigados son situaciones donde la manipulaci\u00f3n experimental no es posible o \u00e9ticamente aceptable.<\/p><p class=\"p2\">Asimismo, este dise\u00f1o, se caracteriza por ser Ex Post Facto, el investigador observa los efectos de una variable independiente y mediadoras que sucedieron en el pasado sobre una variable dependiente actual. Es decir, la acci\u00f3n formativa ocurri\u00f3 antes de que se realice el estudio y no puede ser manipulada por el investigador. Aunque este tipo de dise\u00f1o permite identificar relaciones y asociaciones, no puede establecer relaciones de causalidad directa entre las variables, sin embargo, aporta una visi\u00f3n retrospectiva y conocimiento de la influencia de la variable independiente (la experiencia de aprendizaje) sobre la variable dependiente (bienestar, utilidad de lo aprendido) transcurrido un cierto tramo temporal.<\/p><p class=\"p2\">Con el EAOAD-post las entidades y centros participantes obtendr\u00e1n acceso a los datos y obtener informes de sus resultados seleccionando un periodo de tiempo determinado, al menos semestral.<\/p>\t\t\t\t\t\t<\/div>\n\t\t\t\t<\/div>\n\t\t\t\t\t<\/div>\n\t\t\t\t<\/div>\n\t\t\t\t\t\t\t<\/div>\n\t\t","protected":false},"excerpt":{"rendered":"<p>METODOLOG\u00cdA Estudio ex post facto El EAOAF-post tiene un dise\u00f1o de investigaci\u00f3n correlacional y ex post facto. Un dise\u00f1o de investigaci\u00f3n correlacional es un enfoque utilizado en la investigaci\u00f3n cient\u00edfica para examinar las relaciones entre dos o m\u00e1s variables sin manipularlas. En lugar de establecer una causa y efecto, como en los dise\u00f1os experimentales, los [&hellip;]<\/p>\n","protected":false},"author":1,"featured_media":0,"parent":274,"menu_order":0,"comment_status":"closed","ping_status":"closed","template":"","meta":{"footnotes":""},"class_list":["post-281","page","type-page","status-publish","hentry"],"_links":{"self":[{"href":"https:\/\/www.agenciabis.es\/investigacion\/wp-json\/wp\/v2\/pages\/281","targetHints":{"allow":["GET"]}}],"collection":[{"href":"https:\/\/www.agenciabis.es\/investigacion\/wp-json\/wp\/v2\/pages"}],"about":[{"href":"https:\/\/www.agenciabis.es\/investigacion\/wp-json\/wp\/v2\/types\/page"}],"author":[{"embeddable":true,"href":"https:\/\/www.agenciabis.es\/investigacion\/wp-json\/wp\/v2\/users\/1"}],"replies":[{"embeddable":true,"href":"https:\/\/www.agenciabis.es\/investigacion\/wp-json\/wp\/v2\/comments?post=281"}],"version-history":[{"count":8,"href":"https:\/\/www.agenciabis.es\/investigacion\/wp-json\/wp\/v2\/pages\/281\/revisions"}],"predecessor-version":[{"id":541,"href":"https:\/\/www.agenciabis.es\/investigacion\/wp-json\/wp\/v2\/pages\/281\/revisions\/541"}],"up":[{"embeddable":true,"href":"https:\/\/www.agenciabis.es\/investigacion\/wp-json\/wp\/v2\/pages\/274"}],"wp:attachment":[{"href":"https:\/\/www.agenciabis.es\/investigacion\/wp-json\/wp\/v2\/media?parent=281"}],"curies":[{"name":"wp","href":"https:\/\/api.w.org\/{rel}","templated":true}]}}