{"id":286,"date":"2023-10-17T17:19:09","date_gmt":"2023-10-17T15:19:09","guid":{"rendered":"https:\/\/www.agenciabis.es\/investigacion\/?page_id=286"},"modified":"2023-11-07T12:51:56","modified_gmt":"2023-11-07T11:51:56","slug":"estudio-en-tiempo-real","status":"publish","type":"page","link":"https:\/\/www.agenciabis.es\/investigacion\/3-metodologia\/estudio-en-tiempo-real\/","title":{"rendered":"Estudio en tiempo real"},"content":{"rendered":"\t\t<div data-elementor-type=\"wp-page\" data-elementor-id=\"286\" class=\"elementor elementor-286\" data-elementor-post-type=\"page\">\n\t\t\t\t\t\t\t<div class=\"elementor-element elementor-element-6a60cf3 e-flex e-con-boxed e-con e-parent\" data-id=\"6a60cf3\" data-element_type=\"container\" data-settings=\"{&quot;content_width&quot;:&quot;boxed&quot;,&quot;ekit_has_onepagescroll_dot&quot;:&quot;yes&quot;}\" data-core-v316-plus=\"true\">\n\t\t\t\t\t<div class=\"e-con-inner\">\n\t\t\t\t<div class=\"elementor-element elementor-element-af182a5 elementor-widget elementor-widget-heading\" data-id=\"af182a5\" data-element_type=\"widget\" data-settings=\"{&quot;ekit_we_effect_on&quot;:&quot;none&quot;}\" data-widget_type=\"heading.default\">\n\t\t\t\t<div class=\"elementor-widget-container\">\n\t\t\t<style>\/*! elementor - v3.16.0 - 17-10-2023 *\/\n.elementor-heading-title{padding:0;margin:0;line-height:1}.elementor-widget-heading .elementor-heading-title[class*=elementor-size-]>a{color:inherit;font-size:inherit;line-height:inherit}.elementor-widget-heading .elementor-heading-title.elementor-size-small{font-size:15px}.elementor-widget-heading .elementor-heading-title.elementor-size-medium{font-size:19px}.elementor-widget-heading .elementor-heading-title.elementor-size-large{font-size:29px}.elementor-widget-heading .elementor-heading-title.elementor-size-xl{font-size:39px}.elementor-widget-heading .elementor-heading-title.elementor-size-xxl{font-size:59px}<\/style><h2 class=\"elementor-heading-title elementor-size-default\">METODOLOG\u00cdA<\/h2>\t\t<\/div>\n\t\t\t\t<\/div>\n\t\t\t\t<div class=\"elementor-element elementor-element-1eb6302 elementor-widget elementor-widget-heading\" data-id=\"1eb6302\" data-element_type=\"widget\" data-settings=\"{&quot;ekit_we_effect_on&quot;:&quot;none&quot;}\" data-widget_type=\"heading.default\">\n\t\t\t\t<div class=\"elementor-widget-container\">\n\t\t\t<h2 class=\"elementor-heading-title elementor-size-default\">Estudio en tiempo real<\/h2>\t\t<\/div>\n\t\t\t\t<\/div>\n\t\t\t\t<div class=\"elementor-element elementor-element-f05a824 elementor-widget elementor-widget-text-editor\" data-id=\"f05a824\" data-element_type=\"widget\" data-settings=\"{&quot;ekit_we_effect_on&quot;:&quot;none&quot;}\" data-widget_type=\"text-editor.default\">\n\t\t\t\t<div class=\"elementor-widget-container\">\n\t\t\t<style>\/*! elementor - v3.16.0 - 17-10-2023 *\/\n.elementor-widget-text-editor.elementor-drop-cap-view-stacked .elementor-drop-cap{background-color:#69727d;color:#fff}.elementor-widget-text-editor.elementor-drop-cap-view-framed .elementor-drop-cap{color:#69727d;border:3px solid;background-color:transparent}.elementor-widget-text-editor:not(.elementor-drop-cap-view-default) .elementor-drop-cap{margin-top:8px}.elementor-widget-text-editor:not(.elementor-drop-cap-view-default) .elementor-drop-cap-letter{width:1em;height:1em}.elementor-widget-text-editor .elementor-drop-cap{float:left;text-align:center;line-height:1;font-size:50px}.elementor-widget-text-editor .elementor-drop-cap-letter{display:inline-block}<\/style>\t\t\t\t<p class=\"p1\">El EAOAD-facto es un dise\u00f1o cuasiexperimental al incorporar elementos de control s\u00f3lidos para reducir la influencia de variables confusas y aumentar la validez interna de los resultados, utilizando el m\u00e9todo de muestreo de experiencias (MME; ver Hektner et al., 2007, Zirkel et al., 2015). El MME es un m\u00e9todo dependiente del tiempo y del contexto para medir experiencias subjetivas en el momento de la instrucci\u00f3n. En los estudios que utilizan el MME, los participantes completan breves encuestas sobre su entorno inmediato, pensamientos y sentimientos varias veces seguidas durante el per\u00edodo de tiempo estudiado, lo que da como resultado respuestas repetidas por participante. En el caso del estudio actual, estas encuestas se aplicar\u00e1n, al menos, una vez concluida la sesi\u00f3n formativa.<\/p><p class=\"p1\">El EAOAD-facto se realiza, tambi\u00e9n, con la finalidad de proporcionar datos en tiempo real a las entidades y centros participantes en los estudios, actuando como herramienta anal\u00edtica que proporciona informaci\u00f3n al profesorado para optimizar los procesos de alfabetizaci\u00f3n digital con adultos mayores en su contexto real.<\/p><p class=\"p1\">Para ello, se utilizar\u00e1n dos herramientas de medida: (a) escala de proceso, y (b) escala final. La primera se aplicar\u00e1 una<\/p><p class=\"p1\">Referencias<\/p><p class=\"p2\">Hektner, J. M., Schmidt, J. A., &amp; Csikszentmihalyi, M. (2007). <i>Experience sampling method: Measuring the quality of everyday life<\/i>. Sage.<\/p><p class=\"p2\">Zirkel, S., Garcia, J. A., &amp; Murphy, M. C. (2015). Experience-sampling research methods and their potential for education research. <i>Educational researcher<\/i>, <i>44<\/i>(1), 7-16.<\/p>\t\t\t\t\t\t<\/div>\n\t\t\t\t<\/div>\n\t\t\t\t\t<\/div>\n\t\t\t\t<\/div>\n\t\t\t\t\t\t\t<\/div>\n\t\t","protected":false},"excerpt":{"rendered":"<p>METODOLOG\u00cdA Estudio en tiempo real El EAOAD-facto es un dise\u00f1o cuasiexperimental al incorporar elementos de control s\u00f3lidos para reducir la influencia de variables confusas y aumentar la validez interna de los resultados, utilizando el m\u00e9todo de muestreo de experiencias (MME; ver Hektner et al., 2007, Zirkel et al., 2015). El MME es un m\u00e9todo dependiente [&hellip;]<\/p>\n","protected":false},"author":1,"featured_media":0,"parent":274,"menu_order":0,"comment_status":"closed","ping_status":"closed","template":"","meta":{"footnotes":""},"class_list":["post-286","page","type-page","status-publish","hentry"],"_links":{"self":[{"href":"https:\/\/www.agenciabis.es\/investigacion\/wp-json\/wp\/v2\/pages\/286","targetHints":{"allow":["GET"]}}],"collection":[{"href":"https:\/\/www.agenciabis.es\/investigacion\/wp-json\/wp\/v2\/pages"}],"about":[{"href":"https:\/\/www.agenciabis.es\/investigacion\/wp-json\/wp\/v2\/types\/page"}],"author":[{"embeddable":true,"href":"https:\/\/www.agenciabis.es\/investigacion\/wp-json\/wp\/v2\/users\/1"}],"replies":[{"embeddable":true,"href":"https:\/\/www.agenciabis.es\/investigacion\/wp-json\/wp\/v2\/comments?post=286"}],"version-history":[{"count":8,"href":"https:\/\/www.agenciabis.es\/investigacion\/wp-json\/wp\/v2\/pages\/286\/revisions"}],"predecessor-version":[{"id":545,"href":"https:\/\/www.agenciabis.es\/investigacion\/wp-json\/wp\/v2\/pages\/286\/revisions\/545"}],"up":[{"embeddable":true,"href":"https:\/\/www.agenciabis.es\/investigacion\/wp-json\/wp\/v2\/pages\/274"}],"wp:attachment":[{"href":"https:\/\/www.agenciabis.es\/investigacion\/wp-json\/wp\/v2\/media?parent=286"}],"curies":[{"name":"wp","href":"https:\/\/api.w.org\/{rel}","templated":true}]}}